{"id":3,"date":"2022-10-11T11:26:13","date_gmt":"2022-10-11T14:26:13","guid":{"rendered":"https:\/\/diversonline.com.br\/?page_id=3"},"modified":"2023-01-20T18:19:36","modified_gmt":"2023-01-20T21:19:36","slug":"politica-de-privacidade","status":"publish","type":"page","link":"https:\/\/www.diversonline.com.br\/?page_id=3","title":{"rendered":"Pol\u00edtica de privacidade"},"content":{"rendered":"\n<h1 class=\"wp-block-heading\" style=\"margin-top:var(--wp--preset--spacing--60);text-transform:uppercase\"><strong>Pol\u00edtica de privacidade<\/strong><\/h1>\n\n\n\n<p>A presente Pol\u00edtica de Privacidade (\u201cPol\u00edtica\u201d) trata os dados pessoais dos usu\u00e1rios, parceiros, alunos (\u201cUsu\u00e1rio\u201d ou \u201cVoc\u00ea\u201d) da Outliers Digital (\u201cOD\u201d), coletados por meio da Plataforma Outliers, dispon\u00edvel por meio do link www.diversonline.com.br e www.outliersdigital.com.br, bem como aos demais dados coletados pela OD por meio de redes sociais, entre outros.<\/p>\n\n\n\n<h2 class=\"wp-block-heading\"><strong>Esta Pol\u00edtica tem o prop\u00f3sito:<\/strong><\/h2>\n\n\n\n<ul class=\"wp-block-list\">\n<li>garantir que Voc\u00ea entenda quais dados pessoais coletamos, as raz\u00f5es pelas quais os coletamos e utilizamos, com quem os compartilhamos;<\/li>\n\n\n\n<li>explicar como utilizamos os dados pessoais compartilhados por voc\u00ea na Plataforma, para proporcionar uma experi\u00eancia \u00fanica ao utilizar a Plataforma OD;<\/li>\n\n\n\n<li>explicar a Voc\u00ea os respectivos direitos dos seus dados pessoais coletados e tratados por n\u00f3s, e como protegemos a sua privacidade.<\/li>\n<\/ul>\n\n\n\n<p>Esperamos que a Pol\u00edtica auxilie voc\u00ea a compreender os nossos compromissos sobre a sua privacidade. Para ter informa\u00e7\u00f5es de como entrar em contato, em caso de d\u00favidas, consulte o item 11. Se Voc\u00ea n\u00e3o concordar com a Pol\u00edtica, Voc\u00ea que \u00e9 livre para decidir se quer utilizar o servi\u00e7o OD ou n\u00e3o, podendo, em alguns casos, optar por n\u00e3o compartilhar certos dados opcionais (o que pode, impedir o uso de algumas funcionalidades do Servi\u00e7o).<\/p>\n\n\n\n<h2 class=\"wp-block-heading\"><strong>1. Direitos e prefer\u00eancias do Usu\u00e1rio<\/strong><\/h2>\n\n\n\n<p>A Lei Geral de Prote\u00e7\u00e3o de Dados (\u201cLei n.\u00ba 13.709\/18\u201d ou \u201cLGPD\u201d) e o Regulamento Geral de Prote\u00e7\u00e3o de Dados da Uni\u00e3o Europeia (Regulamento 679\/2016\/UE) conferem direitos aos indiv\u00edduos aos seus dados pessoais. Conforme previsto nos termos da legisla\u00e7\u00e3o aplic\u00e1vel e salvo se limitados pela mesma, a OD garante os seguintes direitos referentes ao tratamento de seus dados pessoais:<\/p>\n\n\n\n<ul class=\"wp-block-list\">\n<li>Direito de confirma\u00e7\u00e3o da exist\u00eancia de tratamento;<\/li>\n\n\n\n<li>Direito de acesso aos dados;<\/li>\n\n\n\n<li>Direito de corre\u00e7\u00e3o de dados incompletos, inexatos ou desatualizados;<\/li>\n\n\n\n<li>Direito \u00e0 anonimiza\u00e7\u00e3o, bloqueio ou elimina\u00e7\u00e3o de dados desnecess\u00e1rios, excessivos ou tratados em desconformidade com a LEI;<\/li>\n\n\n\n<li>Direito \u00e0 portabilidade dos dados a outro fornecedor de servi\u00e7o ou produto, resguardados os segredos comerciais e industriais da OD;<\/li>\n\n\n\n<li>Direito de garantia \u00e0 disponibilidade, a autenticidade, a integridade e a confidencialidade dos dados;<\/li>\n\n\n\n<li>Direito de ser notificado sobre mudan\u00e7as no tratamento dos dados;<\/li>\n\n\n\n<li>Direito de n\u00e3o ser submetido a decis\u00f5es automatizadas e profiling;<\/li>\n\n\n\n<li>Direito a limita\u00e7\u00e3o\/oposi\u00e7\u00e3o ao tratamento de dados;<\/li>\n\n\n\n<li>Direito ao esquecimento;<\/li>\n\n\n\n<li>Direito de restringir o tratamento de dados;<\/li>\n\n\n\n<li>Direito \u00e0 elimina\u00e7\u00e3o dos dados pessoais tratados com o consentimento do titular, exceto nas hip\u00f3teses de guarda legal e outras dispostas na Lei;<\/li>\n\n\n\n<li>Direito \u00e0 informa\u00e7\u00e3o das entidades p\u00fablicas e privadas com as quais a OD realizou uso compartilhado de dados;<\/li>\n\n\n\n<li>Direito \u00e0 informa\u00e7\u00e3o sobre a possibilidade de n\u00e3o fornecer o consentimento e sobre as consequ\u00eancias da negativa;<\/li>\n\n\n\n<li>Direito \u00e0 revoga\u00e7\u00e3o do consentimento, nos termos da Lei.<\/li>\n<\/ul>\n\n\n\n<p>Se enviarmos mensagens de publicidade eletr\u00f4nica com base no seu consentimento ou de outra forma permitida pela lei aplic\u00e1vel, Voc\u00ea poder\u00e1, a qualquer momento e de forma gratuita, retirar a sua autoriza\u00e7\u00e3o ou declarar a sua recusa. As mensagens de publicidade eletr\u00f4nica que Voc\u00ea recebe da OD \u2013 por exemplo, as enviadas atrav\u00e9s de e-mail \u2013 incluem mecanismo de recusa dentro da pr\u00f3pria mensagem \u2013 por exemplo, link para cancelamento da subscri\u00e7\u00e3o nos e-mails que lhe enviamos.<\/p>\n\n\n\n<h2 class=\"wp-block-heading\"><strong>2. Como coletamos os dados pessoais do usu\u00e1rio?<\/strong><\/h2>\n\n\n\n<p>Coletamos os dados das seguintes formas:<\/p>\n\n\n\n<ul class=\"wp-block-list\">\n<li>Quando demonstra interesse nos Servi\u00e7os OD: sejam eles a participa\u00e7\u00e3o ou o fornecimento de cursos, treinamentos, realiza\u00e7\u00e3o e\/ou inscri\u00e7\u00e3o em avalia\u00e7\u00f5es, seja por meio de nossa Plataforma, e-mail, telefone redes sociais, formul\u00e1rios impressos, coletamos determinados dados pessoais, tais como: e-mail, nome completo, data de nascimento, cargo, empresa, cidade, estado, perfis em redes sociais (LinkedIn, Instagram, WhatsApp, Telegram, Twitter, Facebook), entre outros que podem ser solicitados de modo opcional e fornecidos por voc\u00ea voluntariamente.<\/li>\n\n\n\n<li>No momento de contrata\u00e7\u00e3o dos Servi\u00e7os OD: para que a inscri\u00e7\u00e3o em nossos cursos seja realizada \u00e9 necess\u00e1rio que Voc\u00ea nos forne\u00e7a alguns dados, entre eles: nome completo, cidade, estado, pa\u00eds, cargo, empresa, data de nascimento, telefone\/celular, e-mail, redes sociais (LinkedIn, Instagram, WhatsApp, Telegram, Twitter, Facebook). Ainda, eventualmente, podem ser realizados questionamentos sobre restri\u00e7\u00e3o alimentar e eventuais limita\u00e7\u00f5es de locomo\u00e7\u00e3o do usu\u00e1rio para cursos. Dentre tais dados, os dados obrigat\u00f3rios s\u00e3o apenas: nome completo, cargo, empresa, e-mail e telefone. Os demais dados s\u00e3o de fornecimento facultativo ou necess\u00e1rios apenas para servi\u00e7os acess\u00f3rios.<\/li>\n\n\n\n<li>Para acesso \u00e0s depend\u00eancias da OD: caso o Usu\u00e1rio venha a ter acesso ao escrit\u00f3rio da OD ser\u00e3o coletados, para acesso ao pr\u00e9dio e ao local dos cursos ou eventos, seus dados pessoais pela recep\u00e7\u00e3o do pr\u00e9dio ou localidade, sendo tal tratamento de dados de responsabilidade exclusiva do pr\u00f3prio condom\u00ednio, centro empresarial ou administrador do im\u00f3vel onde a OD se localiza ou onde os cursos\/eventos ser\u00e3o realizados.<\/li>\n\n\n\n<li>Na contrata\u00e7\u00e3o de Servi\u00e7os OD: caso Voc\u00ea seja pessoa jur\u00eddica e contrate nossos Servi\u00e7os OD, ser\u00e1 necess\u00e1rio o fornecimento dos seguintes dados: nome, telefone, empresa, CNPJ, contato (nome, sobrenome, e-mail e telefone) do respons\u00e1vel pela contrata\u00e7\u00e3o, perfil (cargo, departamento) do p\u00fablico-alvo.<\/li>\n\n\n\n<li>Atrav\u00e9s da utiliza\u00e7\u00e3o da Plataforma: quando Voc\u00ea utiliza o Servi\u00e7os OD, coletamos dados pessoais sobre a sua utiliza\u00e7\u00e3o da Plataforma de modo autom\u00e1tico ou semiautom\u00e1tico, como descrito no <a href=\"https:\/\/opiceblumacademy.com.br\/politica-privacidade\/#item4\">Item 4<\/a> abaixo.<\/li>\n<\/ul>\n\n\n\n<p>Utilizamos informa\u00e7\u00f5es anonimizadas e agregadas para fins que incluem: criar modelos de marketing e promo\u00e7\u00e3o, melhorar o Servi\u00e7o OD e desenvolver novos recursos e funcionalidades.<\/p>\n\n\n\n<h2 class=\"wp-block-heading\"><strong>3. Quais dados pessoais do Usu\u00e1rio coletamos?<\/strong><\/h2>\n\n\n\n<p>Inclui o seu e-mail, nome completo, data de nascimento, cargo, empresa, cidade, estado, perfis em redes sociais (LinkedIn, Instagram, WhatsApp, Telegram, Twitter, Facebook).<\/p>\n\n\n\n<h4 class=\"wp-block-heading\"><strong>Dados fornecidos no momento de contrata\u00e7\u00e3o dos Servi\u00e7os OD<\/strong><\/h4>\n\n\n\n<p>Inclui o seu nome completo, cidade, estado, pa\u00eds, cargo, empresa, data de nascimento, telefone\/celular, redes sociais (LinkedIn, Instagram, WhatsApp, Telegram, Twitter, Facebook), dados financeiros (banco, ag\u00eancia e conta corrente). Ainda, eventualmente, podem ser realizados questionados sobre restri\u00e7\u00e3o alimentar e limita\u00e7\u00f5es de locomo\u00e7\u00e3o do usu\u00e1rio, al\u00e9m de questionamentos adicionais.<\/p>\n\n\n\n<h4 class=\"wp-block-heading\"><strong><strong>Dados de coleta autom\u00e1tica ou semi-autom\u00e1tica<\/strong><\/strong><\/h4>\n\n\n\n<p>Incluem, por exemplo: endere\u00e7o IP, porta l\u00f3gica de origem, data, hora e fuso hor\u00e1rio do acesso, hist\u00f3rico de p\u00e1ginas visitadas no website da OD (n\u00e3o inclui p\u00e1ginas visitadas fora do nosso dom\u00ednio), entre outros.<\/p>\n\n\n\n<h2 class=\"wp-block-heading\"><strong>4. Para quais finalidades utilizamos os dados pessoais do Usu\u00e1rio?<\/strong><\/h2>\n\n\n\n<p>A OD utiliza diversas tecnologias para tratar os dados pessoais coletados. Abaixo, est\u00e1 os motivos pelos quais tratamos seus dados pessoais, os fundamentos jur\u00eddicos e os grupos de dados pessoais utilizados para estas finalidades:<\/p>\n\n\n\n<ul class=\"wp-block-list\">\n<li>Grupos de dados pessoais utilizados pela OD para a finalidade de tratamento<\/li>\n\n\n\n<li>Descri\u00e7\u00e3o da raz\u00e3o pela qual a OD trata os dados pessoais do Usu\u00e1rio (\u201cfinalidade do tratamento\u201d) Fundamento jur\u00eddico para a finalidade do tratamento<\/li>\n\n\n\n<li>Dados fornecidos para cadastro junto a OD<\/li>\n\n\n\n<li>Dados na execu\u00e7\u00e3o do Servi\u00e7o<\/li>\n\n\n\n<li>Para fornecer a Plataforma e demais Servi\u00e7os e produtos da OD<\/li>\n\n\n\n<li>Para personalizar e melhorar a experi\u00eancia do Usu\u00e1rio na Plataforma, e nos demais servi\u00e7os e produtos fornecidos pela OD, por exemplo, ao fornecer conte\u00fado personalizado, individualizado ou adaptado \u00e0 sua localiza\u00e7\u00e3o, recomenda\u00e7\u00f5es, funcionalidades e publicidade dentro ou fora da Plataforma.<\/li>\n\n\n\n<li>Ainda, pode ser coletada imagem e voz do Usu\u00e1rio, por meio de grava\u00e7\u00f5es dos Servi\u00e7os OD prestados para divulga\u00e7\u00e3o e publicidade dos nossos servi\u00e7os.<\/li>\n\n\n\n<li>Para comunica\u00e7\u00e3o com o Usu\u00e1rio para fins relacionados \u00e0 Plataforma e Servi\u00e7os OD prestados.\n<ul class=\"wp-block-list\">\n<li>Execu\u00e7\u00e3o de contrato<\/li>\n\n\n\n<li>Leg\u00edtimo interesse<\/li>\n<\/ul>\n<\/li>\n<\/ul>\n\n\n\n<h4 class=\"wp-block-heading\"><strong>Dados de utiliza\u00e7\u00e3o da Plataforma<\/strong><\/h4>\n\n\n\n<ul class=\"wp-block-list\">\n<li>Para guardar registros de acesso \u00e0 Plataforma para, caso aconte\u00e7a algum crime ou ato il\u00edcito na Plataforma, podermos identificar o respons\u00e1vel, em conformidade com o previsto no Marco Civil da Internet.<\/li>\n\n\n\n<li>Cumprimento de obriga\u00e7\u00f5es legais.<\/li>\n<\/ul>\n\n\n\n<h4 class=\"wp-block-heading\"><strong>Dados de marketing<\/strong><\/h4>\n\n\n\n<ul class=\"wp-block-list\">\n<li>Para comunica\u00e7\u00e3o com o Usu\u00e1rio, diretamente ou atrav\u00e9s dos nossos parceiros, para fins de Marketing personalizado, relacionado aos Servi\u00e7os OD;<\/li>\n\n\n\n<li>Leg\u00edtimo interesse.<\/li>\n<\/ul>\n\n\n\n<p>Os dados que n\u00e3o forem mais utilizados e n\u00e3o necessitarem mais de armazenamento ser\u00e3o devidamente exclu\u00eddos pela OD.<\/p>\n\n\n\n<h2 class=\"wp-block-heading\"><strong><strong>5. Compartilhamento dos dados pessoais do Usu\u00e1rio<\/strong><\/strong><\/h2>\n\n\n\n<p>Definimos os grupos de destinat\u00e1rios dos dados pessoais coletados ou gerados atrav\u00e9s da utiliza\u00e7\u00e3o da Plataforma pelo Usu\u00e1rio.<\/p>\n\n\n\n<h4 class=\"wp-block-heading\"><strong><strong><strong>Informa\u00e7\u00f5es publicamente dispon\u00edveis<\/strong><\/strong><\/strong><\/h4>\n\n\n\n<p>Os seguintes dados pessoais do Usu\u00e1rio poder\u00e3o ser disponibilizados na Plataforma ou nas redes sociais da OD, mediante autoriza\u00e7\u00e3o espec\u00edfica: o respectivo nome do usu\u00e1rio, empresa que representa, seu cargo, fotografia de perfil, depoimento acerca dos Servi\u00e7os OD, bem como sua imagem e voz.<\/p>\n\n\n\n<ul class=\"wp-block-list\">\n<li>Informa\u00e7\u00f5es que poderemos compartilhar<\/li>\n\n\n\n<li>Grupos de Destinat\u00e1rios<\/li>\n\n\n\n<li>Motivo para compartilhamento<\/li>\n<\/ul>\n\n\n\n<h4 class=\"wp-block-heading\"><strong>Empresa respons\u00e1vel pelo pagamento<\/strong><\/h4>\n\n\n\n<p>Todos os dados coletados no momento de contrata\u00e7\u00e3o dos Servi\u00e7os OD s\u00e3o compartilhados, para fins de controle unificado, com a plataforma de vendas e gerenciamento de cursos Hotmart, ou outra que venha substitu\u00ed-la.<\/p>\n\n\n\n<h4 class=\"wp-block-heading\"><strong>Empresa respons\u00e1vel pelo tratamento de dados (Operador)<\/strong><\/h4>\n\n\n\n<p>Os dados coletados pela OD ser\u00e3o tratados e armazenados em servidores de terceiros, que atuam de acordo com as pol\u00edticas e mecanismos de seguran\u00e7a e confidencialidade estipulados pela OD.<\/p>\n\n\n\n<h4 class=\"wp-block-heading\"><strong><strong>Cumprimento da lei e autoridades de prote\u00e7\u00e3o de dados<\/strong><\/strong><\/h4>\n\n\n\n<p>Compartilharemos os dados pessoais do Usu\u00e1rio quando acreditarmos, de boa-f\u00e9, que seja necess\u00e1rio para o cumprimento de uma obriga\u00e7\u00e3o legal, nos termos da legisla\u00e7\u00e3o aplic\u00e1vel, ou para responder a um processo legal v\u00e1lido, como, por exemplo, um mandado de busca, uma ordem judicial ou uma intima\u00e7\u00e3o.<\/p>\n\n\n\n<p>Tamb\u00e9m compartilharemos os dados pessoais do Usu\u00e1rio se acreditarmos, de boa-f\u00e9, ser necess\u00e1rio para o nosso leg\u00edtimo interesse, ou o de terceiros, em mat\u00e9ria de seguran\u00e7a nacional, cumprimento da lei, contencioso, investiga\u00e7\u00e3o criminal, prote\u00e7\u00e3o da seguran\u00e7a de qualquer pessoa, ou para impedir a morte ou danos f\u00edsicos eminentes, desde que consideremos que tal interesse n\u00e3o prevalece sobre os interesses ou direitos e liberdades fundamentais do Usu\u00e1rio que exijam a prote\u00e7\u00e3o dos dados pessoais do Usu\u00e1rio.<\/p>\n\n\n\n<h4 class=\"wp-block-heading\"><strong><strong><strong>Adquirentes do nosso neg\u00f3cio<\/strong><\/strong><\/strong><\/h4>\n\n\n\n<p>Compartilharemos os dados pessoais do Usu\u00e1rio quando vendermos ou negociarmos a venda do nosso neg\u00f3cio a um comprador ou potencial comprador.<\/p>\n\n\n\n<p>Nesta situa\u00e7\u00e3o, a OD continuar\u00e1 a assegurar a confidencialidade dos dados pessoais do Usu\u00e1rio e notificar\u00e1 os Usu\u00e1rios antes de os dados pessoais serem transferidos para o comprador, ou de ficarem sujeitos a uma Pol\u00edtica de Privacidade diferente.<\/p>\n\n\n\n<h2 class=\"wp-block-heading\"><strong><strong><strong><strong>6. Armazenamento, conserva\u00e7\u00e3o e elimina\u00e7\u00e3o de dados<\/strong><\/strong><\/strong><\/strong><\/h2>\n\n\n\n<p>Informamos que a OD armazena, em territ\u00f3rio nacional, os dados coletados em servidores de terceiros, que atendem os padr\u00f5es de seguran\u00e7a estabelecidos pela OD.<\/p>\n\n\n\n<p>Conservamos os seus dados pessoais enquanto for necess\u00e1rio para prestar os Servi\u00e7os OD e para fins comerciais leg\u00edtimos e essenciais, tais como para manter o desempenho da Plataforma, tomar decis\u00f5es empresariais acerca de funcionalidades e ofertas com base em dados, cumprir as nossas obriga\u00e7\u00f5es legais, e resolver disputas.<\/p>\n\n\n\n<p>A pedido do Usu\u00e1rio, vamos eliminar ou anonimizar os seus dados pessoais de modo que n\u00e3o o identifiquem, exceto se for legalmente permitido ou obrigat\u00f3rio manter determinados dados pessoais, incluindo situa\u00e7\u00f5es como as seguintes:<\/p>\n\n\n\n<h4 class=\"wp-block-heading\"><strong><strong><strong><strong><strong>Dados fornecidos quando Voc\u00ea demonstra interesse nos Servi\u00e7os OD<\/strong><\/strong><\/strong><\/strong><\/strong><\/h4>\n\n\n\n<p>Inclui o seu e-mail, nome completo, data de nascimento, cargo, empresa, cidade, estado, perfis em redes sociais (LinkedIn, Instagram, WhatsApp, Telegram, Twitter, Facebook).<\/p>\n\n\n\n<h4 class=\"wp-block-heading\"><strong><strong><strong><strong><strong><strong>Dados fornecidos no momento de contrata\u00e7\u00e3o dos Servi\u00e7os OD<\/strong><\/strong><\/strong><\/strong><\/strong><\/strong><\/h4>\n\n\n\n<p>Incluem o seu nome completo, cidade, estado, pa\u00eds, cargo, empresa, data de nascimento, telefone\/celular, redes sociais (LinkedIn, Instagram, WhatsApp, Telegram, Twitter, Facebook), dados financeiros (banco, ag\u00eancia e conta corrente). Ainda, eventualmente, podem ser realizados questionados sobre restri\u00e7\u00e3o alimentar e limita\u00e7\u00f5es de locomo\u00e7\u00e3o do usu\u00e1rio, al\u00e9m de questionamentos adicionais.<\/p>\n\n\n\n<h4 class=\"wp-block-heading\"><strong><strong><strong><strong><strong><strong><strong>Dados de coleta autom\u00e1tica ou semi-autom\u00e1tica<\/strong><\/strong><\/strong><\/strong><\/strong><\/strong><\/strong><\/h4>\n\n\n\n<p>Incluem, por exemplo: endere\u00e7o IP, porta l\u00f3gica de origem, data, hora e fuso hor\u00e1rio do acesso, hist\u00f3rico de p\u00e1ginas visitadas no website da OD (n\u00e3o inclui p\u00e1ginas visitadas fora do nosso dom\u00ednio), entre outros.<\/p>\n\n\n\n<ul class=\"wp-block-list\">\n<li>Se formos obrigados a manter os dados pessoais para as nossas obriga\u00e7\u00f5es jur\u00eddicas, fiscais, de auditoria e contabilidade, iremos reter os dados pessoais necess\u00e1rios pelo per\u00edodo exigido pela legisla\u00e7\u00e3o aplic\u00e1vel;<\/li>\n\n\n\n<li>Sempre que necess\u00e1rio para nossa defesa judicial ou extrajudicial, para os nossos leg\u00edtimos interesses comerciais, como a preven\u00e7\u00e3o contra fraudes, ou para manter a seguran\u00e7a dos nossos Usu\u00e1rios.<\/li>\n<\/ul>\n\n\n\n<h2 class=\"wp-block-heading\"><strong>7. Links<\/strong><\/h2>\n\n\n\n<p>Poderemos apresentar an\u00fancios de terceiros e outros conte\u00fados com links para endere\u00e7os eletr\u00f4nicos de terceiros. N\u00e3o \u00e9 poss\u00edvel controlarmos, nem sermos responsabilizados por pr\u00e1ticas de privacidade e conte\u00fado de terceiros. Se Voc\u00ea clicar em um an\u00fancio ou link de terceiros, dever\u00e1 estar ciente de que sair\u00e1 da Plataforma e que quaisquer dados pessoais que venha a fornecer n\u00e3o estar\u00e3o abrangidos pela presente Pol\u00edtica. Voc\u00ea dever\u00e1 ler as respectivas pol\u00edticas de privacidade para saber de que forma esses terceiros coletam e tratam os seus dados pessoais.<\/p>\n\n\n\n<h2 class=\"wp-block-heading\"><strong><strong>8. Manter os dados pessoais do Usu\u00e1rio em seguran\u00e7a<\/strong><\/strong><\/h2>\n\n\n\n<p>Estamos empenhados em proteger os dados pessoais dos nossos Usu\u00e1rios. Implementamos medidas t\u00e9cnicas e organizacionais para ajudar a proteger a seguran\u00e7a dos seus dados pessoais; contudo, tenha ci\u00eancia de que nenhum sistema \u00e9 completamente seguro. As medidas de seguran\u00e7a implementadas consideram, como prev\u00ea a Lei, a natureza dos dados e de tratamento, os riscos envolvidos, a tecnologia existente e sua disponibilidade.<\/p>\n\n\n\n<h2 class=\"wp-block-heading\"><strong><strong><strong>9. Crian\u00e7as e Adolescentes<\/strong><\/strong><\/strong><\/h2>\n\n\n\n<p>A Plataforma n\u00e3o se destina a crian\u00e7as e adolescentes, isto \u00e9, indiv\u00edduos com idade inferior a 18 anos.<\/p>\n\n\n\n<p>N\u00e3o coletamos deliberadamente dados pessoais de crian\u00e7as e adolescentes. Se o usu\u00e1rio tiver idade inferior a 18 anos, n\u00e3o dever\u00e1 utilizar a Plataforma e nem nos fornecer quaisquer dados pessoais.<\/p>\n\n\n\n<p>Se tomarmos conhecimento de que coletamos dados pessoais de uma crian\u00e7a ou adolescente, tomaremos as medidas razo\u00e1veis para eliminar os dados pessoais em quest\u00e3o.<\/p>\n\n\n\n<h2 class=\"wp-block-heading\"><strong><strong><strong><strong>10. Altera\u00e7\u00f5es \u00e0 Pol\u00edtica de Privacidade<\/strong><\/strong><\/strong><\/strong><\/h2>\n\n\n\n<p>Eventualmente, poderemos efetuar altera\u00e7\u00f5es \u00e0 presente Pol\u00edtica.<\/p>\n\n\n\n<p>Quando realizarmos altera\u00e7\u00f5es materiais \u00e0 presente Pol\u00edtica, faremos uma comunica\u00e7\u00e3o vis\u00edvel e adequada de acordo com as circunst\u00e2ncias, como por exemplo, apresentando uma comunica\u00e7\u00e3o vis\u00edvel na Plataforma ou atrav\u00e9s do envio de um e-mail ao Usu\u00e1rio. Poderemos enviar antecipadamente uma comunica\u00e7\u00e3o a voc\u00ea.<\/p>\n\n\n\n<p>Assim, \u00e9 fundamental que voc\u00ea se certifique de ler qualquer comunica\u00e7\u00e3o atentamente.<\/p>\n\n\n\n<p>Se voc\u00ea quiser saber mais sobre a presente Pol\u00edtica e como a Plataforma utiliza os dados pessoais do Usu\u00e1rio, entre em contato conosco por contato@outliersdigital.com.br para saber mais.<\/p>\n\n\n\n<h2 class=\"wp-block-heading\"><strong><strong><strong><strong><strong>11. Fale com a OD<\/strong><\/strong><\/strong><\/strong><\/strong><\/h2>\n\n\n\n<p>Obrigada por ler a nossa Pol\u00edtica de Privacidade. Se tiver d\u00favidas, contate o nosso Respons\u00e1vel pela Prote\u00e7\u00e3o de Dados atrav\u00e9s do formul\u00e1rio \u201cFale com a OD\u201d no endere\u00e7o eletr\u00f4nico contato@outliersdigital.com.br .<\/p>\n\n\n\n<p>A OD \u00e9 a respons\u00e1vel pelo tratamento de dados para fins dos dados pessoais do usu\u00e1rio processados nos termos desta Pol\u00edtica.<\/p>\n\n\n\n<p>\u00daltima altera\u00e7\u00e3o: 30 de mar\u00e7o de 2022<\/p>\n\n\n\n<p style=\"margin-bottom:var(--wp--preset--spacing--70)\">Entrada em vigor: 30 de mar\u00e7o de 2022<\/p>\n","protected":false},"excerpt":{"rendered":"<p>Pol\u00edtica de privacidade A presente Pol\u00edtica de Privacidade (\u201cPol\u00edtica\u201d) trata os dados pessoais dos usu\u00e1rios, parceiros, alunos (\u201cUsu\u00e1rio\u201d ou \u201cVoc\u00ea\u201d) da Outliers Digital (\u201cOD\u201d), coletados por meio da Plataforma Outliers, dispon\u00edvel por meio do link www.diversonline.com.br e www.outliersdigital.com.br, bem como aos demais dados coletados pela OD por meio de redes sociais, entre outros. Esta Pol\u00edtica [&hellip;]<\/p>\n","protected":false},"author":1,"featured_media":0,"parent":0,"menu_order":0,"comment_status":"closed","ping_status":"open","template":"","meta":{"_uag_custom_page_level_css":"","site-sidebar-layout":"default","site-content-layout":"","ast-site-content-layout":"default","site-content-style":"default","site-sidebar-style":"default","ast-global-header-display":"","ast-banner-title-visibility":"","ast-main-header-display":"","ast-hfb-above-header-display":"","ast-hfb-below-header-display":"","ast-hfb-mobile-header-display":"","site-post-title":"disabled","ast-breadcrumbs-content":"","ast-featured-img":"","footer-sml-layout":"","ast-disable-related-posts":"","theme-transparent-header-meta":"","adv-header-id-meta":"","stick-header-meta":"","header-above-stick-meta":"","header-main-stick-meta":"","header-below-stick-meta":"","astra-migrate-meta-layouts":"default","ast-page-background-enabled":"default","ast-page-background-meta":{"desktop":{"background-color":"var(--ast-global-color-4)","background-image":"","background-repeat":"repeat","background-position":"center center","background-size":"auto","background-attachment":"scroll","background-type":"","background-media":"","overlay-type":"","overlay-color":"","overlay-opacity":"","overlay-gradient":""},"tablet":{"background-color":"","background-image":"","background-repeat":"repeat","background-position":"center center","background-size":"auto","background-attachment":"scroll","background-type":"","background-media":"","overlay-type":"","overlay-color":"","overlay-opacity":"","overlay-gradient":""},"mobile":{"background-color":"","background-image":"","background-repeat":"repeat","background-position":"center center","background-size":"auto","background-attachment":"scroll","background-type":"","background-media":"","overlay-type":"","overlay-color":"","overlay-opacity":"","overlay-gradient":""}},"ast-content-background-meta":{"desktop":{"background-color":"var(--ast-global-color-5)","background-image":"","background-repeat":"repeat","background-position":"center center","background-size":"auto","background-attachment":"scroll","background-type":"","background-media":"","overlay-type":"","overlay-color":"","overlay-opacity":"","overlay-gradient":""},"tablet":{"background-color":"var(--ast-global-color-5)","background-image":"","background-repeat":"repeat","background-position":"center center","background-size":"auto","background-attachment":"scroll","background-type":"","background-media":"","overlay-type":"","overlay-color":"","overlay-opacity":"","overlay-gradient":""},"mobile":{"background-color":"var(--ast-global-color-5)","background-image":"","background-repeat":"repeat","background-position":"center center","background-size":"auto","background-attachment":"scroll","background-type":"","background-media":"","overlay-type":"","overlay-color":"","overlay-opacity":"","overlay-gradient":""}},"footnotes":""},"class_list":["post-3","page","type-page","status-publish","hentry"],"uagb_featured_image_src":{"full":false,"thumbnail":false,"medium":false,"medium_large":false,"large":false,"1536x1536":false,"2048x2048":false},"uagb_author_info":{"display_name":"ODGestor Conta","author_link":"https:\/\/www.diversonline.com.br\/?author=1"},"uagb_comment_info":0,"uagb_excerpt":"Pol\u00edtica de privacidade A presente Pol\u00edtica de Privacidade (\u201cPol\u00edtica\u201d) trata os dados pessoais dos usu\u00e1rios, parceiros, alunos (\u201cUsu\u00e1rio\u201d ou \u201cVoc\u00ea\u201d) da Outliers Digital (\u201cOD\u201d), coletados por meio da Plataforma Outliers, dispon\u00edvel por meio do link www.diversonline.com.br e www.outliersdigital.com.br, bem como aos demais dados coletados pela OD por meio de redes sociais, entre outros. Esta Pol\u00edtica&hellip;","_links":{"self":[{"href":"https:\/\/www.diversonline.com.br\/index.php?rest_route=\/wp\/v2\/pages\/3","targetHints":{"allow":["GET"]}}],"collection":[{"href":"https:\/\/www.diversonline.com.br\/index.php?rest_route=\/wp\/v2\/pages"}],"about":[{"href":"https:\/\/www.diversonline.com.br\/index.php?rest_route=\/wp\/v2\/types\/page"}],"author":[{"embeddable":true,"href":"https:\/\/www.diversonline.com.br\/index.php?rest_route=\/wp\/v2\/users\/1"}],"replies":[{"embeddable":true,"href":"https:\/\/www.diversonline.com.br\/index.php?rest_route=%2Fwp%2Fv2%2Fcomments&post=3"}],"version-history":[{"count":20,"href":"https:\/\/www.diversonline.com.br\/index.php?rest_route=\/wp\/v2\/pages\/3\/revisions"}],"predecessor-version":[{"id":1163,"href":"https:\/\/www.diversonline.com.br\/index.php?rest_route=\/wp\/v2\/pages\/3\/revisions\/1163"}],"wp:attachment":[{"href":"https:\/\/www.diversonline.com.br\/index.php?rest_route=%2Fwp%2Fv2%2Fmedia&parent=3"}],"curies":[{"name":"wp","href":"https:\/\/api.w.org\/{rel}","templated":true}]}}